{"id":15434,"date":"2016-04-17T00:49:14","date_gmt":"2016-04-17T03:49:14","guid":{"rendered":"http:\/\/www.jpasini.com.br\/site\/?page_id=15434"},"modified":"2016-06-14T13:04:30","modified_gmt":"2016-06-14T16:04:30","slug":"futuros-projetos","status":"publish","type":"page","link":"https:\/\/www.jpasini.com.br\/site\/futuros-projetos\/","title":{"rendered":"FUTUROS PROJETOS"},"content":{"rendered":"<p>[vc_row row_type=&#8221;row&#8221; use_row_as_full_screen_section=&#8221;no&#8221; type=&#8221;full_width&#8221; angled_section=&#8221;no&#8221; text_align=&#8221;left&#8221; background_image_as_pattern=&#8221;without_pattern&#8221; background_color=&#8221;#3c0501&#8243; css_animation=&#8221;&#8221;][vc_column][vc_empty_space height=&#8221;12px&#8221;][\/vc_column][\/vc_row][vc_row row_type=&#8221;row&#8221; use_row_as_full_screen_section=&#8221;no&#8221; type=&#8221;grid&#8221; angled_section=&#8221;no&#8221; text_align=&#8221;left&#8221; background_image_as_pattern=&#8221;without_pattern&#8221; css_animation=&#8221;&#8221; css=&#8221;.vc_custom_1465920443798{margin-top: 25px !important;}&#8221;][vc_column]<div class='projects_holder_outer v3 portfolio_with_space portfolio_standard'><div class='projects_holder portfolio_main_holder clearfix v3 standard portfolio_full_image '>\n<article class='mix portfolio_category_68 portfolio_category_60 portfolio_category_66 portfolio_category_67 portfolio_category_58 ' style=''><div class=\"item_holder slow_zoom\"><div class=\"icons_holder\"><a itemprop=\"image\" class=\"portfolio_lightbox\" title=\"Vienna\" href=\"https:\/\/www.jpasini.com.br\/site\/wp-content\/uploads\/2023\/05\/B_7-Foto-1.jpg\" data-rel=\"prettyPhoto[pretty_photo_gallery]\" rel=\"prettyPhoto[pretty_photo_gallery]\"><\/a><a itemprop=\"url\" class=\"preview\" title=\"Go to Project\" href=\"https:\/\/www.jpasini.com.br\/site\/portfolio_page\/jardins-de-vienna\/\" data-type=\"portfolio_list\" target=\"_self\" ><\/a><\/div><a itemprop=\"url\" class=\"portfolio_link_class\" title=\"Vienna\" href=\"https:\/\/www.jpasini.com.br\/site\/portfolio_page\/jardins-de-vienna\/\"><\/a><div style=\"background-color: #309b39\" class=\"portfolio_shader\"><\/div><div class=\"image_holder\"><span class=\"image\"><img fetchpriority=\"high\" decoding=\"async\" width=\"1920\" height=\"1080\" src=\"https:\/\/www.jpasini.com.br\/site\/wp-content\/uploads\/2023\/05\/B_7-Foto-1.jpg\" class=\"attachment-full size-full wp-post-image\" alt=\"\" srcset=\"https:\/\/www.jpasini.com.br\/site\/wp-content\/uploads\/2023\/05\/B_7-Foto-1.jpg 1920w, https:\/\/www.jpasini.com.br\/site\/wp-content\/uploads\/2023\/05\/B_7-Foto-1-300x169.jpg 300w, https:\/\/www.jpasini.com.br\/site\/wp-content\/uploads\/2023\/05\/B_7-Foto-1-1024x576.jpg 1024w, https:\/\/www.jpasini.com.br\/site\/wp-content\/uploads\/2023\/05\/B_7-Foto-1-768x432.jpg 768w, https:\/\/www.jpasini.com.br\/site\/wp-content\/uploads\/2023\/05\/B_7-Foto-1-1536x864.jpg 1536w, https:\/\/www.jpasini.com.br\/site\/wp-content\/uploads\/2023\/05\/B_7-Foto-1-700x394.jpg 700w, https:\/\/www.jpasini.com.br\/site\/wp-content\/uploads\/2023\/05\/B_7-Foto-1-539x303.jpg 539w\" sizes=\"(max-width: 1920px) 100vw, 1920px\" \/><\/span><\/div><\/div><div class='portfolio_description ' style=background-color:#f2f2f2;'><h3 itemprop=\"name\" class=\"portfolio_title entry_title\"><a itemprop=\"url\" href=\"https:\/\/www.jpasini.com.br\/site\/portfolio_page\/jardins-de-vienna\/\" target=\"_self\" >Vienna<\/a><\/h3><span class=\"project_category\" >Funda\u00e7\u00f5es \/ Futuros Projetos \/ Lan\u00e7amentos Administra\u00e7\u00e3o \/ Projeto Estrutural \/ Projetos\/Execu\u00e7\u00e3o<\/span><\/div><\/article>\n<div class='filler'><\/div>\n<div class='filler'><\/div>\n<div class='filler'><\/div>\n<\/div><\/div>[\/vc_column][\/vc_row]<\/p>\n","protected":false},"excerpt":{"rendered":"<p>[vc_row row_type=&#8221;row&#8221; use_row_as_full_screen_section=&#8221;no&#8221; type=&#8221;full_width&#8221; angled_section=&#8221;no&#8221; text_align=&#8221;left&#8221; background_image_as_pattern=&#8221;without_pattern&#8221; background_color=&#8221;#3c0501&#8243; css_animation=&#8221;&#8221;][vc_column][vc_empty_space height=&#8221;12px&#8221;][\/vc_column][\/vc_row][vc_row row_type=&#8221;row&#8221; use_row_as_full_screen_section=&#8221;no&#8221; type=&#8221;grid&#8221; angled_section=&#8221;no&#8221; text_align=&#8221;left&#8221; background_image_as_pattern=&#8221;without_pattern&#8221; css_animation=&#8221;&#8221; css=&#8221;.vc_custom_1465920443798{margin-top: 25px !important;}&#8221;][vc_column][\/vc_column][\/vc_row]<\/p>\n","protected":false},"author":1,"featured_media":0,"parent":0,"menu_order":0,"comment_status":"closed","ping_status":"closed","template":"full_width.php","meta":{"footnotes":""},"class_list":["post-15434","page","type-page","status-publish","hentry"],"_links":{"self":[{"href":"https:\/\/www.jpasini.com.br\/site\/wp-json\/wp\/v2\/pages\/15434","targetHints":{"allow":["GET"]}}],"collection":[{"href":"https:\/\/www.jpasini.com.br\/site\/wp-json\/wp\/v2\/pages"}],"about":[{"href":"https:\/\/www.jpasini.com.br\/site\/wp-json\/wp\/v2\/types\/page"}],"author":[{"embeddable":true,"href":"https:\/\/www.jpasini.com.br\/site\/wp-json\/wp\/v2\/users\/1"}],"replies":[{"embeddable":true,"href":"https:\/\/www.jpasini.com.br\/site\/wp-json\/wp\/v2\/comments?post=15434"}],"version-history":[{"count":7,"href":"https:\/\/www.jpasini.com.br\/site\/wp-json\/wp\/v2\/pages\/15434\/revisions"}],"predecessor-version":[{"id":15923,"href":"https:\/\/www.jpasini.com.br\/site\/wp-json\/wp\/v2\/pages\/15434\/revisions\/15923"}],"wp:attachment":[{"href":"https:\/\/www.jpasini.com.br\/site\/wp-json\/wp\/v2\/media?parent=15434"}],"curies":[{"name":"wp","href":"https:\/\/api.w.org\/{rel}","templated":true}]}}