{"id":14869,"date":"2014-05-20T07:51:11","date_gmt":"2014-05-20T07:51:11","guid":{"rendered":"http:\/\/demo.qodeinteractive.com\/bridge83\/?page_id=14869"},"modified":"2023-12-26T20:52:29","modified_gmt":"2023-12-26T23:52:29","slug":"home","status":"publish","type":"page","link":"https:\/\/www.jpasini.com.br\/site\/","title":{"rendered":"Home"},"content":{"rendered":"<p>[vc_row css_animation=&#8221;&#8221; row_type=&#8221;row&#8221; use_row_as_full_screen_section=&#8221;no&#8221; type=&#8221;full_width&#8221; angled_section=&#8221;no&#8221; text_align=&#8221;left&#8221; background_image_as_pattern=&#8221;without_pattern&#8221;][vc_column]\n\t\t\t<!-- START Slider 1 REVOLUTION SLIDER 6.5.7 --><p class=\"rs-p-wp-fix\"><\/p>\n\t\t\t<rs-module-wrap id=\"rev_slider_4_1_wrapper\" data-source=\"gallery\" style=\"visibility:hidden;background:transparent;padding:0;margin:0px auto;margin-top:0;margin-bottom:0;\">\n\t\t\t\t<rs-module id=\"rev_slider_4_1\" style=\"\" data-version=\"6.5.7\">\n\t\t\t\t\t<rs-slides>\n\t\t\t\t\t\t<rs-slide style=\"position: absolute;\" data-key=\"rs-4\" data-title=\"Slide\" data-in=\"o:0;\" data-out=\"a:false;\">\n\t\t\t\t\t\t\t<img fetchpriority=\"high\" decoding=\"async\" src=\"\/\/www.jpasini.com.br\/site\/wp-content\/plugins\/revslider\/public\/assets\/assets\/dummy.png\" title=\"B_7 &#8211; Foto\" width=\"1920\" height=\"1080\" class=\"rev-slidebg tp-rs-img rs-lazyload\" data-lazyload=\"\/\/www.jpasini.com.br\/site\/wp-content\/uploads\/2023\/05\/B_7-Foto-1.jpg\" data-no-retina>\n<!---->\t\t\t\t\t\t<\/rs-slide>\n\t\t\t\t\t\t<rs-slide style=\"position: absolute;\" data-key=\"rs-5\" data-title=\"Slide\" data-in=\"o:0;\" data-out=\"a:false;\">\n\t\t\t\t\t\t\t<img decoding=\"async\" src=\"\/\/www.jpasini.com.br\/site\/wp-content\/plugins\/revslider\/public\/assets\/assets\/dummy.png\" title=\"B_6 &#8211; Foto\" width=\"1920\" height=\"1080\" class=\"rev-slidebg tp-rs-img rs-lazyload\" data-lazyload=\"\/\/www.jpasini.com.br\/site\/wp-content\/uploads\/2023\/05\/B_6-Foto.jpg\" data-no-retina>\n<!---->\t\t\t\t\t\t<\/rs-slide>\n\t\t\t\t\t\t<rs-slide style=\"position: absolute;\" data-key=\"rs-6\" data-title=\"Slide\" data-in=\"o:0;\" data-out=\"a:false;\">\n\t\t\t\t\t\t\t<img decoding=\"async\" src=\"\/\/www.jpasini.com.br\/site\/wp-content\/plugins\/revslider\/public\/assets\/assets\/dummy.png\" title=\"B_6 &#8211; Foto\" width=\"1920\" height=\"1080\" class=\"rev-slidebg tp-rs-img rs-lazyload\" data-lazyload=\"\/\/www.jpasini.com.br\/site\/wp-content\/uploads\/2023\/05\/B_6-Foto.jpg\" data-no-retina>\n<!---->\t\t\t\t\t\t<\/rs-slide>\n\t\t\t\t\t<\/rs-slides>\n\t\t\t\t<\/rs-module>\n\t\t\t\t<script type=\"text\/javascript\">\n\t\t\t\t\tsetREVStartSize({c: 'rev_slider_4_1',rl:[1240,1024,778,480],el:[600],gw:[1960],gh:[600],type:'standard',justify:'',layout:'fullwidth',mh:\"0\"});if (window.RS_MODULES!==undefined && window.RS_MODULES.modules!==undefined && window.RS_MODULES.modules[\"revslider41\"]!==undefined) {window.RS_MODULES.modules[\"revslider41\"].once = false;window.revapi4 = undefined;if (window.RS_MODULES.checkMinimal!==undefined) window.RS_MODULES.checkMinimal()}\n\t\t\t\t<\/script>\n\t\t\t<\/rs-module-wrap>\n\t\t\t<!-- END REVOLUTION SLIDER -->\n[\/vc_column][\/vc_row][vc_row css_animation=&#8221;&#8221; row_type=&#8221;row&#8221; use_row_as_full_screen_section=&#8221;no&#8221; type=&#8221;full_width&#8221; angled_section=&#8221;no&#8221; text_align=&#8221;left&#8221; background_image_as_pattern=&#8221;without_pattern&#8221; background_color=&#8221;#f2f2f2&#8243;][vc_column][vc_empty_space height=&#8221;82px&#8221;][\/vc_column][\/vc_row][vc_row css_animation=&#8221;&#8221; row_type=&#8221;row&#8221; use_row_as_full_screen_section=&#8221;no&#8221; type=&#8221;grid&#8221; angled_section=&#8221;no&#8221; text_align=&#8221;left&#8221; background_image_as_pattern=&#8221;without_pattern&#8221; background_color=&#8221;#f2f2f2&#8243;][vc_column width=&#8221;1\/3&#8243;][vc_row_inner row_type=&#8221;row&#8221; type=&#8221;full_width&#8221; text_align=&#8221;left&#8221; css_animation=&#8221;&#8221;][vc_column_inner width=&#8221;1\/4&#8243;]<span data-type=\"normal\"  class=\"qode_icon_shortcode  q_font_awsome_icon fa-3x pull-center \" style=\" \"><i class=\"qodef-icon-linea-icon icon-arrows-circle-left qode_icon_element\" style=\"\" ><\/i><\/span>[\/vc_column_inner][vc_column_inner width=&#8221;3\/4&#8243;][vc_column_text css=&#8221;.vc_custom_1465916553404{margin-top: 30px !important;margin-bottom: 30px !important;}&#8221;]<\/p>\n<h3>Incorporadora<\/h3>\n<p>[\/vc_column_text][\/vc_column_inner][\/vc_row_inner][vc_column_text css=&#8221;.vc_custom_1509729751665{margin-bottom: 15px !important;}&#8221;]<a href=\"http:\/\/www.jpasini.com.br\/site\/em-obras\/\"><img decoding=\"async\" class=\"alignnone wp-image-15895 size-full\" src=\"http:\/\/www.jpasini.com.br\/site\/wp-content\/uploads\/2016\/05\/fachada-teste-2-C\u00f3pia-2-1.jpg\" alt=\"\" width=\"350\" height=\"166\" srcset=\"https:\/\/www.jpasini.com.br\/site\/wp-content\/uploads\/2016\/05\/fachada-teste-2-C\u00f3pia-2-1.jpg 350w, https:\/\/www.jpasini.com.br\/site\/wp-content\/uploads\/2016\/05\/fachada-teste-2-C\u00f3pia-2-1-300x142.jpg 300w\" sizes=\"(max-width: 350px) 100vw, 350px\" \/><\/a>[\/vc_column_text][vc_column_text]<\/p>\n<p style=\"text-align: justify;\">Com mais de 10&#8217;000 m\u00b2 em execu\u00e7\u00e3o, a Jpasini Incorporadora j\u00e1 \u00e9 uma referencia em mercado final, para compra de apartamentos j\u00e1 prontos. Clique e confira as ultimas obras.<\/p>\n<p>[\/vc_column_text][\/vc_column][vc_column width=&#8221;1\/3&#8243;][vc_row_inner row_type=&#8221;row&#8221; type=&#8221;full_width&#8221; text_align=&#8221;left&#8221; css_animation=&#8221;&#8221;][vc_column_inner width=&#8221;1\/4&#8243;]<span data-type=\"normal\"  class=\"qode_icon_shortcode  q_font_awsome_icon fa-3x pull-center \" style=\" \"><i class=\"qodef-icon-linea-icon icon-arrows-circle-left qode_icon_element\" style=\"\" ><\/i><\/span>[\/vc_column_inner][vc_column_inner width=&#8221;3\/4&#8243;][vc_column_text css=&#8221;.vc_custom_1465916662196{margin-top: 30px !important;margin-bottom: 30px !important;}&#8221;]<\/p>\n<h3>Projetos<\/h3>\n<p>[\/vc_column_text][\/vc_column_inner][\/vc_row_inner][vc_column_text css=&#8221;.vc_custom_1509729837969{margin-bottom: 15px !important;}&#8221;]<a href=\"http:\/\/www.jpasini.com.br\/site\/projetos-execucao\/\"><img loading=\"lazy\" decoding=\"async\" class=\"alignnone wp-image-15877 size-full\" src=\"http:\/\/www.jpasini.com.br\/site\/wp-content\/uploads\/2014\/05\/b2.png\" alt=\"b2\" width=\"350\" height=\"166\" srcset=\"https:\/\/www.jpasini.com.br\/site\/wp-content\/uploads\/2014\/05\/b2.png 350w, https:\/\/www.jpasini.com.br\/site\/wp-content\/uploads\/2014\/05\/b2-300x142.png 300w\" sizes=\"(max-width: 350px) 100vw, 350px\" \/><\/a>[\/vc_column_text][vc_column_text]<\/p>\n<p style=\"text-align: justify;\">Com base em projetos estruturais, utilizados mais de 30 mil m\u00b3 de concreto com 1.5 Milh\u00f5es de Kg de A\u00e7o distribu\u00eddos em 40 torres com \u00e1rea total de 120 mil m\u00b2 de \u00e1rea constru\u00edda, a JPasini Projetos j\u00e1 apresenta um leque grande\u00a0como\u00a0curr\u00edculo para qualquer projeto estrutural.<\/p>\n<p>[\/vc_column_text][\/vc_column][vc_column width=&#8221;1\/3&#8243;][vc_row_inner row_type=&#8221;row&#8221; type=&#8221;full_width&#8221; text_align=&#8221;left&#8221; css_animation=&#8221;&#8221;][vc_column_inner width=&#8221;1\/4&#8243;]<span data-type=\"normal\"  class=\"qode_icon_shortcode  q_font_awsome_icon fa-3x pull-center \" style=\" \"><i class=\"qodef-icon-linea-icon icon-arrows-circle-left qode_icon_element\" style=\"\" ><\/i><\/span>[\/vc_column_inner][vc_column_inner width=&#8221;3\/4&#8243;][vc_column_text css=&#8221;.vc_custom_1465916674460{margin-top: 30px !important;margin-bottom: 30px !important;}&#8221;]<\/p>\n<h3>Administra\u00e7\u00e3o<\/h3>\n<p>[\/vc_column_text][\/vc_column_inner][\/vc_row_inner][vc_column_text css=&#8221;.vc_custom_1509729884071{margin-bottom: 15px !important;}&#8221;]<a href=\"http:\/\/www.jpasini.com.br\/site\/administracao-lancamentos\/\"><img loading=\"lazy\" decoding=\"async\" class=\"alignnone wp-image-15876 size-full\" src=\"http:\/\/www.jpasini.com.br\/site\/wp-content\/uploads\/2014\/05\/b1.png\" alt=\"\" width=\"350\" height=\"166\" srcset=\"https:\/\/www.jpasini.com.br\/site\/wp-content\/uploads\/2014\/05\/b1.png 350w, https:\/\/www.jpasini.com.br\/site\/wp-content\/uploads\/2014\/05\/b1-300x142.png 300w\" sizes=\"(max-width: 350px) 100vw, 350px\" \/><\/a>[\/vc_column_text][vc_column_text]<\/p>\n<p style=\"text-align: justify;\">Com 92.127,36 m\u00b2 de obra executadas no bairro dos Ingleses,\u00a0 a JPasini Administra\u00e7\u00e3o, com sede na Rua das Gaivotas, 127 Sala A, tem como objetivo construir \u00e0 pre\u00e7o de custo empreendimentos direcionados \u00e0 investidores que buscam produtos altamente rent\u00e1veis, ou mesmo a propriedade de unidade habitacional de alta qualidade.<\/p>\n<p>[\/vc_column_text][\/vc_column][\/vc_row][vc_row css_animation=&#8221;&#8221; row_type=&#8221;row&#8221; use_row_as_full_screen_section=&#8221;no&#8221; type=&#8221;full_width&#8221; angled_section=&#8221;no&#8221; text_align=&#8221;left&#8221; background_image_as_pattern=&#8221;without_pattern&#8221; background_color=&#8221;#f2f2f2&#8243;][vc_column][vc_empty_space height=&#8221;62px&#8221;][\/vc_column][\/vc_row][vc_row css_animation=&#8221;&#8221; row_type=&#8221;row&#8221; use_row_as_full_screen_section=&#8221;no&#8221; type=&#8221;full_width&#8221; angled_section=&#8221;no&#8221; text_align=&#8221;left&#8221; background_image_as_pattern=&#8221;without_pattern&#8221; background_color=&#8221;#7bc1a1&#8243;][vc_column][vc_row_inner row_type=&#8221;row&#8221; type=&#8221;full_width&#8221; text_align=&#8221;left&#8221; css_animation=&#8221;&#8221;][vc_column_inner][vc_column_text css=&#8221;.vc_custom_1465936713849{margin-top: 35px !important;margin-bottom: 35px !important;}&#8221;]<\/p>\n<h2 style=\"text-align: center;\"><span style=\"color: #ffffff;\"><strong>NOT\u00cdCIAS<\/strong><\/span><\/h2>\n<p>[\/vc_column_text][\/vc_column_inner][\/vc_row_inner][rev_slider_vc alias=&#8221;slider3&#8243;][\/vc_column][\/vc_row]<\/p>\n","protected":false},"excerpt":{"rendered":"<p>[vc_row css_animation=&#8221;&#8221; row_type=&#8221;row&#8221; use_row_as_full_screen_section=&#8221;no&#8221; type=&#8221;full_width&#8221; angled_section=&#8221;no&#8221; text_align=&#8221;left&#8221; background_image_as_pattern=&#8221;without_pattern&#8221;][vc_column][\/vc_column][\/vc_row][vc_row css_animation=&#8221;&#8221; row_type=&#8221;row&#8221; use_row_as_full_screen_section=&#8221;no&#8221; type=&#8221;full_width&#8221; angled_section=&#8221;no&#8221; text_align=&#8221;left&#8221; background_image_as_pattern=&#8221;without_pattern&#8221; background_color=&#8221;#f2f2f2&#8243;][vc_column][vc_empty_space height=&#8221;82px&#8221;][\/vc_column][\/vc_row][vc_row css_animation=&#8221;&#8221; row_type=&#8221;row&#8221; use_row_as_full_screen_section=&#8221;no&#8221; type=&#8221;grid&#8221; angled_section=&#8221;no&#8221; text_align=&#8221;left&#8221; background_image_as_pattern=&#8221;without_pattern&#8221; background_color=&#8221;#f2f2f2&#8243;][vc_column width=&#8221;1\/3&#8243;][vc_row_inner row_type=&#8221;row&#8221; type=&#8221;full_width&#8221; text_align=&#8221;left&#8221; css_animation=&#8221;&#8221;][vc_column_inner width=&#8221;1\/4&#8243;][\/vc_column_inner][vc_column_inner width=&#8221;3\/4&#8243;][vc_column_text css=&#8221;.vc_custom_1465916553404{margin-top: 30px !important;margin-bottom: 30px !important;}&#8221;] Incorporadora [\/vc_column_text][\/vc_column_inner][\/vc_row_inner][vc_column_text css=&#8221;.vc_custom_1509729751665{margin-bottom: 15px !important;}&#8221;][\/vc_column_text][vc_column_text] Com mais de&#8230;<\/p>\n","protected":false},"author":1,"featured_media":0,"parent":0,"menu_order":0,"comment_status":"open","ping_status":"open","template":"full_width.php","meta":{"footnotes":""},"class_list":["post-14869","page","type-page","status-publish","hentry"],"_links":{"self":[{"href":"https:\/\/www.jpasini.com.br\/site\/wp-json\/wp\/v2\/pages\/14869","targetHints":{"allow":["GET"]}}],"collection":[{"href":"https:\/\/www.jpasini.com.br\/site\/wp-json\/wp\/v2\/pages"}],"about":[{"href":"https:\/\/www.jpasini.com.br\/site\/wp-json\/wp\/v2\/types\/page"}],"author":[{"embeddable":true,"href":"https:\/\/www.jpasini.com.br\/site\/wp-json\/wp\/v2\/users\/1"}],"replies":[{"embeddable":true,"href":"https:\/\/www.jpasini.com.br\/site\/wp-json\/wp\/v2\/comments?post=14869"}],"version-history":[{"count":143,"href":"https:\/\/www.jpasini.com.br\/site\/wp-json\/wp\/v2\/pages\/14869\/revisions"}],"predecessor-version":[{"id":16355,"href":"https:\/\/www.jpasini.com.br\/site\/wp-json\/wp\/v2\/pages\/14869\/revisions\/16355"}],"wp:attachment":[{"href":"https:\/\/www.jpasini.com.br\/site\/wp-json\/wp\/v2\/media?parent=14869"}],"curies":[{"name":"wp","href":"https:\/\/api.w.org\/{rel}","templated":true}]}}